
{"id":235154441,"date":"2024-03-12T01:59:30","date_gmt":"2024-03-12T00:59:30","guid":{"rendered":"https:\/\/huizingharvest.com\/over-projects\/"},"modified":"2026-04-17T09:50:20","modified_gmt":"2026-04-17T07:50:20","slug":"unsere-losungen","status":"publish","type":"page","link":"https:\/\/huizingharvest.com\/de\/unsere-losungen\/","title":{"rendered":"Unsere L\u00f6sungen"},"content":{"rendered":"","protected":false},"excerpt":{"rendered":"","protected":false},"author":3,"featured_media":0,"parent":0,"menu_order":0,"comment_status":"closed","ping_status":"closed","template":"","meta":{"_acf_changed":false,"footnotes":""},"class_list":["post-235154441","page","type-page","status-publish","hentry"],"acf":{"flexible_content":[{"acf_fc_layout":"hero","_acfe_flexible_toggle":null,"hero":{"video":{"video_type":"Upload","youtube":"","vimeo":"","upload":null},"image":2179,"text":"<h1>Unsere L\u00f6sungen<\/h1>","button_group":{"alignment":"start","buttons":null}},"options":{"carousel_type":""},"carousel":{"slides":null},"background":"image","slider":false,"hero_buttons":""},{"acf_fc_layout":"two_column_text_image","_acfe_flexible_toggle":null,"text_left":"<h6 data-section-id=\"1maxz5u\" data-start=\"163\" data-end=\"189\"><span style=\"color: #ed8b00;\">HuizingHarvest Projects<\/span><\/h6>\r\n<p data-start=\"191\" data-end=\"642\">HuizingHarvest Projects arbeitet f\u00fcr Landmaschinenhersteller, H\u00e4ndler, landwirtschaftliche Betriebe und Start-ups und unterst\u00fctzt sie mit technischem Support und Beratung. Dar\u00fcber hinaus sehen wir uns als strategischen Partner unserer Kunden und m\u00f6chten in allen Bereichen unserer Dienstleistungen eng zusammenarbeiten. Als zuverl\u00e4ssiger, markenunabh\u00e4ngiger Partner in der Agrartechnik bieten wir umfassende L\u00f6sungen entlang der gesamten Prozesskette.<\/p>\r\n\r\n<h6 data-section-id=\"b8035\" data-start=\"644\" data-end=\"665\"><span style=\"color: #ed8b00;\">Unsere Mitarbeiter<\/span><\/h6>\r\n<p data-start=\"667\" data-end=\"1048\">Unser Team besteht aus Technikern mit Spezialisierung in Landtechnik und Maschinenbau. Ihr Fachwissen und ihre praktische Erfahrung bilden das Fundament unserer Organisation und erm\u00f6glichen es uns, L\u00f6sungen zu entwickeln, die auf die Anforderungen unserer Kunden abgestimmt sind. Mit Standorten in den Niederlanden und in Australien sind unsere Dienstleistungen weltweit verf\u00fcgbar.<\/p>\r\n\r\n<h6 data-section-id=\"1vsfzuy\" data-start=\"1050\" data-end=\"1098\"><span style=\"color: #ed8b00;\">Fortschritt und Zusammenarbeit mit dem Kunden<\/span><\/h6>\r\n<p data-start=\"1100\" data-end=\"1677\">Unsere Vision basiert auf dem Bewusstsein, dass sich die Landwirtschaft st\u00e4ndig weiterentwickelt, angetrieben durch technologische Entwicklungen und Ver\u00e4nderungen im globalen Markt. Wir sehen eine steigende Nachfrage nach landwirtschaftlicher Technik und Maschinen, unter anderem durch den Fokus auf Nachhaltigkeit, Effizienz und Pr\u00e4zisionslandwirtschaft. HuizingHarvest reagiert auf diese Entwicklungen, indem wir nicht nur technischen Support und Beratung anbieten, sondern auch ma\u00dfgeschneiderte L\u00f6sungen in den Bereichen Datenerfassung, Analyse und Pr\u00e4zisionslandwirtschaft.<\/p>\r\n<p data-start=\"1679\" data-end=\"2220\">Im Einklang mit dieser Entwicklung glauben wir an die Bedeutung der engen Zusammenarbeit mit unseren Kunden bei der Entwicklung und Umsetzung von L\u00f6sungen. In den vergangenen Jahren haben wir gelernt, dass diese Zusammenarbeit entscheidend f\u00fcr den Erfolg von Projekten ist. Sie stellt sicher, dass unsere L\u00f6sungen zu den tats\u00e4chlichen Anforderungen und Herausforderungen unserer Kunden passen. Deshalb integrieren wir aktiv strukturiertes Kundenfeedback und eine enge Abstimmung mit unseren Kunden in unseren Arbeits- und Innovationsprozess.<\/p>\r\n<p data-start=\"2222\" data-end=\"2452\">Diese enge Zusammenarbeit erm\u00f6glicht es uns, nicht nur hochwertige L\u00f6sungen zu liefern, sondern auch langfristige und erfolgreiche Beziehungen zu unseren Kunden aufzubauen, die auf Vertrauen und gegenseitigem Verst\u00e4ndnis basieren.<\/p>","button_group":{"alignment":"start","buttons":[{"button_link":{"title":"Lassen Sie uns kurz \u00fcber Ihr Projekt sprechen.","url":"https:\/\/huizingharvest.com\/contact\/","target":""},"button_style":"btn--primary","custom_icon":false,"icon":""}]},"image_text":"<h4><span class=\"BoldA4V text-secondary\"><span lang=\"NL\"><strong>Let\u2019s make it work!<\/strong><\/span><\/span><\/h4>\r\nDas ist f\u00fcr uns mehr als ein Slogan. Es ist unser Anspruch, gemeinsam mit unseren Kunden L\u00f6sungen zu entwickeln und erfolgreich umzusetzen.","image":2088,"text_right":"","partial_options":{"":null,"layout":"1","contain_or_fit":"contain","background":"bg--light"}}]},"yoast_head":"<!-- This site is optimized with the Yoast SEO plugin v27.6 - https:\/\/yoast.com\/product\/yoast-seo-wordpress\/ -->\n<title>Unsere L\u00f6sungen - HuizingHarvest<\/title>\n<meta name=\"description\" content=\"HuizingHarvest: Ihr strategischer Partner in der Landwirtschaft. Ma\u00dfgeschneiderte L\u00f6sungen f\u00fcr mehr Effizienz und Wirtschaftlichkeit.\" \/>\n<meta name=\"robots\" content=\"index, follow, max-snippet:-1, max-image-preview:large, max-video-preview:-1\" \/>\n<link rel=\"canonical\" href=\"https:\/\/huizingharvest.com\/de\/unsere-losungen\/\" \/>\n<meta property=\"og:locale\" content=\"de_DE\" \/>\n<meta property=\"og:type\" content=\"article\" \/>\n<meta property=\"og:title\" content=\"Unsere L\u00f6sungen - HuizingHarvest\" \/>\n<meta property=\"og:description\" content=\"HuizingHarvest: Ihr strategischer Partner in der Landwirtschaft. Ma\u00dfgeschneiderte L\u00f6sungen f\u00fcr mehr Effizienz und Wirtschaftlichkeit.\" \/>\n<meta property=\"og:url\" content=\"https:\/\/huizingharvest.com\/de\/unsere-losungen\/\" \/>\n<meta property=\"og:site_name\" content=\"HuizingHarvest\" \/>\n<meta property=\"article:modified_time\" content=\"2026-04-17T07:50:20+00:00\" \/>\n<meta name=\"twitter:card\" content=\"summary_large_image\" \/>\n<meta name=\"twitter:label1\" content=\"Gesch\u00e4tzte Lesezeit\" \/>\n\t<meta name=\"twitter:data1\" content=\"2\u00a0Minute\" \/>\n<script type=\"application\/ld+json\" class=\"yoast-schema-graph\">{\"@context\":\"https:\\\/\\\/schema.org\",\"@graph\":[{\"@type\":\"WebPage\",\"@id\":\"https:\\\/\\\/huizingharvest.com\\\/de\\\/unsere-losungen\\\/\",\"url\":\"https:\\\/\\\/huizingharvest.com\\\/de\\\/unsere-losungen\\\/\",\"name\":\"Unsere L\u00f6sungen - HuizingHarvest\",\"isPartOf\":{\"@id\":\"https:\\\/\\\/huizingharvest.com\\\/de\\\/#website\"},\"datePublished\":\"2024-03-12T00:59:30+00:00\",\"dateModified\":\"2026-04-17T07:50:20+00:00\",\"description\":\"HuizingHarvest: Ihr strategischer Partner in der Landwirtschaft. Ma\u00dfgeschneiderte L\u00f6sungen f\u00fcr mehr Effizienz und Wirtschaftlichkeit.\",\"breadcrumb\":{\"@id\":\"https:\\\/\\\/huizingharvest.com\\\/de\\\/unsere-losungen\\\/#breadcrumb\"},\"inLanguage\":\"de\",\"potentialAction\":[{\"@type\":\"ReadAction\",\"target\":[\"https:\\\/\\\/huizingharvest.com\\\/de\\\/unsere-losungen\\\/\"]}]},{\"@type\":\"BreadcrumbList\",\"@id\":\"https:\\\/\\\/huizingharvest.com\\\/de\\\/unsere-losungen\\\/#breadcrumb\",\"itemListElement\":[{\"@type\":\"ListItem\",\"position\":1,\"name\":\"home\",\"item\":\"https:\\\/\\\/huizingharvest.com\\\/de\\\/\"},{\"@type\":\"ListItem\",\"position\":2,\"name\":\"Unsere L\u00f6sungen\"}]},{\"@type\":\"WebSite\",\"@id\":\"https:\\\/\\\/huizingharvest.com\\\/de\\\/#website\",\"url\":\"https:\\\/\\\/huizingharvest.com\\\/de\\\/\",\"name\":\"Huizing Harvest\",\"description\":\"Let&#039;s make it work\",\"publisher\":{\"@id\":\"https:\\\/\\\/huizingharvest.com\\\/de\\\/#organization\"},\"potentialAction\":[{\"@type\":\"SearchAction\",\"target\":{\"@type\":\"EntryPoint\",\"urlTemplate\":\"https:\\\/\\\/huizingharvest.com\\\/de\\\/?s={search_term_string}\"},\"query-input\":{\"@type\":\"PropertyValueSpecification\",\"valueRequired\":true,\"valueName\":\"search_term_string\"}}],\"inLanguage\":\"de\"},{\"@type\":\"Organization\",\"@id\":\"https:\\\/\\\/huizingharvest.com\\\/de\\\/#organization\",\"name\":\"Huizing Harvest\",\"url\":\"https:\\\/\\\/huizingharvest.com\\\/de\\\/\",\"logo\":{\"@type\":\"ImageObject\",\"inLanguage\":\"de\",\"@id\":\"https:\\\/\\\/huizingharvest.com\\\/de\\\/#\\\/schema\\\/logo\\\/image\\\/\",\"url\":\"https:\\\/\\\/huizingharvest.com\\\/wp-content\\\/uploads\\\/2026\\\/04\\\/logo_hh.svg\",\"contentUrl\":\"https:\\\/\\\/huizingharvest.com\\\/wp-content\\\/uploads\\\/2026\\\/04\\\/logo_hh.svg\",\"caption\":\"Huizing Harvest\"},\"image\":{\"@id\":\"https:\\\/\\\/huizingharvest.com\\\/de\\\/#\\\/schema\\\/logo\\\/image\\\/\"}}]}<\/script>\n<!-- \/ Yoast SEO plugin. -->","yoast_head_json":{"title":"Unsere L\u00f6sungen - HuizingHarvest","description":"HuizingHarvest: Ihr strategischer Partner in der Landwirtschaft. Ma\u00dfgeschneiderte L\u00f6sungen f\u00fcr mehr Effizienz und Wirtschaftlichkeit.","robots":{"index":"index","follow":"follow","max-snippet":"max-snippet:-1","max-image-preview":"max-image-preview:large","max-video-preview":"max-video-preview:-1"},"canonical":"https:\/\/huizingharvest.com\/de\/unsere-losungen\/","og_locale":"de_DE","og_type":"article","og_title":"Unsere L\u00f6sungen - HuizingHarvest","og_description":"HuizingHarvest: Ihr strategischer Partner in der Landwirtschaft. Ma\u00dfgeschneiderte L\u00f6sungen f\u00fcr mehr Effizienz und Wirtschaftlichkeit.","og_url":"https:\/\/huizingharvest.com\/de\/unsere-losungen\/","og_site_name":"HuizingHarvest","article_modified_time":"2026-04-17T07:50:20+00:00","twitter_card":"summary_large_image","twitter_misc":{"Gesch\u00e4tzte Lesezeit":"2\u00a0Minute"},"schema":{"@context":"https:\/\/schema.org","@graph":[{"@type":"WebPage","@id":"https:\/\/huizingharvest.com\/de\/unsere-losungen\/","url":"https:\/\/huizingharvest.com\/de\/unsere-losungen\/","name":"Unsere L\u00f6sungen - HuizingHarvest","isPartOf":{"@id":"https:\/\/huizingharvest.com\/de\/#website"},"datePublished":"2024-03-12T00:59:30+00:00","dateModified":"2026-04-17T07:50:20+00:00","description":"HuizingHarvest: Ihr strategischer Partner in der Landwirtschaft. Ma\u00dfgeschneiderte L\u00f6sungen f\u00fcr mehr Effizienz und Wirtschaftlichkeit.","breadcrumb":{"@id":"https:\/\/huizingharvest.com\/de\/unsere-losungen\/#breadcrumb"},"inLanguage":"de","potentialAction":[{"@type":"ReadAction","target":["https:\/\/huizingharvest.com\/de\/unsere-losungen\/"]}]},{"@type":"BreadcrumbList","@id":"https:\/\/huizingharvest.com\/de\/unsere-losungen\/#breadcrumb","itemListElement":[{"@type":"ListItem","position":1,"name":"home","item":"https:\/\/huizingharvest.com\/de\/"},{"@type":"ListItem","position":2,"name":"Unsere L\u00f6sungen"}]},{"@type":"WebSite","@id":"https:\/\/huizingharvest.com\/de\/#website","url":"https:\/\/huizingharvest.com\/de\/","name":"Huizing Harvest","description":"Let&#039;s make it work","publisher":{"@id":"https:\/\/huizingharvest.com\/de\/#organization"},"potentialAction":[{"@type":"SearchAction","target":{"@type":"EntryPoint","urlTemplate":"https:\/\/huizingharvest.com\/de\/?s={search_term_string}"},"query-input":{"@type":"PropertyValueSpecification","valueRequired":true,"valueName":"search_term_string"}}],"inLanguage":"de"},{"@type":"Organization","@id":"https:\/\/huizingharvest.com\/de\/#organization","name":"Huizing Harvest","url":"https:\/\/huizingharvest.com\/de\/","logo":{"@type":"ImageObject","inLanguage":"de","@id":"https:\/\/huizingharvest.com\/de\/#\/schema\/logo\/image\/","url":"https:\/\/huizingharvest.com\/wp-content\/uploads\/2026\/04\/logo_hh.svg","contentUrl":"https:\/\/huizingharvest.com\/wp-content\/uploads\/2026\/04\/logo_hh.svg","caption":"Huizing Harvest"},"image":{"@id":"https:\/\/huizingharvest.com\/de\/#\/schema\/logo\/image\/"}}]}},"_links":{"self":[{"href":"https:\/\/huizingharvest.com\/de\/wp-json\/wp\/v2\/pages\/235154441","targetHints":{"allow":["GET"]}}],"collection":[{"href":"https:\/\/huizingharvest.com\/de\/wp-json\/wp\/v2\/pages"}],"about":[{"href":"https:\/\/huizingharvest.com\/de\/wp-json\/wp\/v2\/types\/page"}],"author":[{"embeddable":true,"href":"https:\/\/huizingharvest.com\/de\/wp-json\/wp\/v2\/users\/3"}],"replies":[{"embeddable":true,"href":"https:\/\/huizingharvest.com\/de\/wp-json\/wp\/v2\/comments?post=235154441"}],"version-history":[{"count":6,"href":"https:\/\/huizingharvest.com\/de\/wp-json\/wp\/v2\/pages\/235154441\/revisions"}],"predecessor-version":[{"id":235154658,"href":"https:\/\/huizingharvest.com\/de\/wp-json\/wp\/v2\/pages\/235154441\/revisions\/235154658"}],"wp:attachment":[{"href":"https:\/\/huizingharvest.com\/de\/wp-json\/wp\/v2\/media?parent=235154441"}],"curies":[{"name":"wp","href":"https:\/\/api.w.org\/{rel}","templated":true}]}}