
{"id":235154065,"date":"2022-06-10T09:00:16","date_gmt":"2022-06-10T07:00:16","guid":{"rendered":"https:\/\/huizingharvest.com\/lets-make-it-work\/"},"modified":"2026-03-24T09:10:52","modified_gmt":"2026-03-24T08:10:52","slug":"lets-make-it-work","status":"publish","type":"page","link":"https:\/\/huizingharvest.com\/de\/","title":{"rendered":"Startseite"},"content":{"rendered":"","protected":false},"excerpt":{"rendered":"","protected":false},"author":3,"featured_media":235154067,"parent":0,"menu_order":0,"comment_status":"closed","ping_status":"closed","template":"","meta":{"_acf_changed":false,"footnotes":""},"class_list":["post-235154065","page","type-page","status-publish","has-post-thumbnail","hentry"],"acf":{"flexible_content":[{"acf_fc_layout":"hero_home","_acfe_flexible_toggle":null,"hero":{"video":{"video_type":"Upload","youtube":"https:\/\/www.youtube.com\/watch?v=DjYLESkNhZ8","vimeo":762167552,"upload":235154103},"image":"","text":"<h1 style=\"text-align: center;\">LET'S MAKE IT WORK!<\/h1>","button_group":{"alignment":"center","buttons":[{"button_link":{"title":"Projekte","url":"https:\/\/huizingharvest.com\/projecten\/","target":""},"button_style":"btn--light","custom_icon":false,"icon":""},{"button_link":{"title":"Jobs","url":"https:\/\/huizingharvest.com\/vacatures\/","target":""},"button_style":"btn--primary","custom_icon":false,"icon":""}]}},"options":{"carousel_type":""},"carousel":{"slides":null},"background":"video","hero_buttons":"","slider":false},{"acf_fc_layout":"text","_acfe_flexible_toggle":null,"text":"<h3 style=\"text-align: center;\" data-start=\"269\" data-end=\"309\"><strong data-start=\"273\" data-end=\"307\">HuizingHarvest,<\/strong><\/h3>\r\n<h3 style=\"text-align: center;\" data-start=\"310\" data-end=\"368\">Ihrem Partner f\u00fcr technische Unterst\u00fctzung im Agrarsektor<\/h3>\r\n<div class=\"divider-wrapper\" style=\"text-align: center;\">\r\n\r\n<hr \/>\r\n\r\n<\/div>","button_group":{"alignment":"start","buttons":null},"background":"bg--dark"},{"acf_fc_layout":"text_double","_acfe_flexible_toggle":null,"title":"<h6 style=\"text-align: center;\"><span class=\"text-primary\">Was wir tun<\/span><\/h6>","text_left":"<p data-start=\"395\" data-end=\"687\">Wir unterst\u00fctzen Hersteller von Landmaschinen, H\u00e4ndler, landwirtschaftliche Betriebe und Start-ups mit technischer Expertise und ma\u00dfgeschneiderter Beratung. Dazu geh\u00f6ren unter anderem Maschinenvalidierung, Montage, Rework, Wartung sowie Schulungen f\u00fcr H\u00e4ndler und Anwender \u2013 markenunabh\u00e4ngig.<\/p>\r\n<p data-start=\"689\" data-end=\"957\">Unsere Techniker verf\u00fcgen \u00fcber einen Hintergrund in Agrartechnik und Maschinenbau und verbinden praktische Erfahrung mit fundiertem technischem Know-how. Das bildet das R\u00fcckgrat unserer Organisation und erm\u00f6glicht es uns, praxisnahe und innovative L\u00f6sungen anzubieten.<\/p>\r\n<p data-start=\"959\" data-end=\"1045\">M\u00f6chten Sie wissen, wie wir Sie unterst\u00fctzen k\u00f6nnen?<br data-start=\"1011\" data-end=\"1014\" \/><strong data-start=\"1014\" data-end=\"1045\">Kontaktieren Sie uns gerne.<\/strong><\/p>","text_right":"<p data-start=\"1065\" data-end=\"1291\">\u00dcber unseren <strong data-start=\"1078\" data-end=\"1094\">Jobs-Bereich<\/strong> bringen wir qualifizierte Fachkr\u00e4fte mit Agrarunternehmen weltweit zusammen. Ob saisonale Eins\u00e4tze, Praktika oder Festanstellungen \u2013 wir bieten vielf\u00e4ltige T\u00e4tigkeiten im Bereich der Agrartechnik.<\/p>\r\n<p data-start=\"1293\" data-end=\"1425\">Wir investieren gezielt in junge Talente und unterst\u00fctzen Techniker dabei, ihre F\u00e4higkeiten direkt in der Praxis weiterzuentwickeln.<\/p>\r\n<p data-start=\"1427\" data-end=\"1527\">Nutzen Sie die Chance, internationale Erfahrung zu sammeln und an innovativen Projekten mitzuwirken.<\/p>","background":"bg--light"},{"acf_fc_layout":"text","_acfe_flexible_toggle":null,"text":"<blockquote>\r\n<div class=\"divider-wrapper\" style=\"text-align: center;\">\r\n\r\n<hr \/>\r\n\r\n<\/div>\r\n<h2 style=\"text-align: center;\" data-start=\"1534\" data-end=\"1582\"><strong data-start=\"1537\" data-end=\"1582\">Wir suchen neue Kolleginnen und Kollegen!<\/strong><\/h2>\r\n<p style=\"text-align: center;\" data-start=\"1584\" data-end=\"1703\">Melden Sie sich in unserem <strong data-start=\"1611\" data-end=\"1627\">Jobs-Bereich<\/strong> an und entdecken Sie Karrierem\u00f6glichkeiten innerhalb unseres eigenen Teams.<\/p>\r\n\r\n<h4 style=\"text-align: center;\"><span class=\"text-secondary\">\u00a0<\/span><\/h4>\r\n<div class=\"divider-wrapper\" style=\"text-align: center;\">\r\n\r\n<hr \/>\r\n\r\n<\/div><\/blockquote>","button_group":{"alignment":"start","buttons":null},"background":"bg--light"},{"acf_fc_layout":"swiper_posts","_acfe_flexible_toggle":null,"options":{"select_method":"automatic"},"text":"<h3 style=\"text-align: center;\"><strong data-start=\"48\" data-end=\"65\">Unsere Arbeit<\/strong><\/h3>\r\n<div class=\"divider-wrapper\" style=\"text-align: center;\">\r\n\r\n<hr \/>\r\n\r\n<\/div>\r\n<p style=\"text-align: center;\"><\/p>","button_group":{"alignment":"start","buttons":null},"slides":null,"background":"bg--white"},{"acf_fc_layout":"video","_acfe_flexible_toggle":null,"text":"<h2>Unsere Arbeit in 45 Sekunden<\/h2>\r\n<div class=\"divider-wrapper\">\r\n\r\n<hr \/>\r\n\r\n<\/div>","button_text":"Video ansehen","button_position":"left","video":{"video_type":"geuploade_video","youtube_video":"","vimeo_video":"","geuploade_video":2060,"image":2058}},{"acf_fc_layout":"swiper_vacancies","_acfe_flexible_toggle":null,"text":"<h2><span class=\"text-primary\"><strong data-start=\"307\" data-end=\"335\">Aktuelle Stellenangebote<\/strong><\/span><\/h2>","button_group":{"alignment":"start","buttons":null},"options":{"select_method":"manual"},"slides":[209802100,178044700],"background":"bg--white"}]},"yoast_head":"<!-- This site is optimized with the Yoast SEO plugin v27.2 - https:\/\/yoast.com\/product\/yoast-seo-wordpress\/ -->\n<title>HuizingHarvest - Let&#039;s make it work<\/title>\n<meta name=\"description\" content=\"HuizingHarvest is een krachtig team van professionals in agro en agrotechniek. HuizingHarvest - Let&#039;s make it work\" \/>\n<meta name=\"robots\" content=\"index, follow, max-snippet:-1, max-image-preview:large, max-video-preview:-1\" \/>\n<link rel=\"canonical\" href=\"https:\/\/huizingharvest.com\/de\/\" \/>\n<meta property=\"og:locale\" content=\"de_DE\" \/>\n<meta property=\"og:type\" content=\"article\" \/>\n<meta property=\"og:title\" content=\"HuizingHarvest - Let&#039;s make it work\" \/>\n<meta property=\"og:description\" content=\"HuizingHarvest is een krachtig team van professionals in agro en agrotechniek. HuizingHarvest - Let&#039;s make it work\" \/>\n<meta property=\"og:url\" content=\"https:\/\/huizingharvest.com\/de\/\" \/>\n<meta property=\"og:site_name\" content=\"HuizingHarvest\" \/>\n<meta property=\"article:modified_time\" content=\"2026-03-24T08:10:52+00:00\" \/>\n<meta property=\"og:image\" content=\"https:\/\/huizingharvest.com\/wp-content\/uploads\/2024\/01\/Blog-1-Nico-in-Field-Jock-scaled.jpg\" \/>\n\t<meta property=\"og:image:width\" content=\"2560\" \/>\n\t<meta property=\"og:image:height\" content=\"1920\" \/>\n\t<meta property=\"og:image:type\" content=\"image\/jpeg\" \/>\n<meta name=\"twitter:card\" content=\"summary_large_image\" \/>\n<meta name=\"twitter:label1\" content=\"Gesch\u00e4tzte Lesezeit\" \/>\n\t<meta name=\"twitter:data1\" content=\"2\u00a0Minuten\" \/>\n<script type=\"application\/ld+json\" class=\"yoast-schema-graph\">{\"@context\":\"https:\/\/schema.org\",\"@graph\":[{\"@type\":\"WebPage\",\"@id\":\"https:\/\/huizingharvest.com\/de\/\",\"url\":\"https:\/\/huizingharvest.com\/de\/\",\"name\":\"HuizingHarvest - Let's make it work\",\"isPartOf\":{\"@id\":\"https:\/\/huizingharvest.com\/de\/#website\"},\"primaryImageOfPage\":{\"@id\":\"https:\/\/huizingharvest.com\/de\/#primaryimage\"},\"image\":{\"@id\":\"https:\/\/huizingharvest.com\/de\/#primaryimage\"},\"thumbnailUrl\":\"https:\/\/huizingharvest.com\/wp-content\/uploads\/2024\/01\/Blog-1-Nico-in-Field-Jock-scaled.jpg\",\"datePublished\":\"2022-06-10T07:00:16+00:00\",\"dateModified\":\"2026-03-24T08:10:52+00:00\",\"description\":\"HuizingHarvest is een krachtig team van professionals in agro en agrotechniek. HuizingHarvest - Let's make it work\",\"breadcrumb\":{\"@id\":\"https:\/\/huizingharvest.com\/de\/#breadcrumb\"},\"inLanguage\":\"de\",\"potentialAction\":[{\"@type\":\"ReadAction\",\"target\":[\"https:\/\/huizingharvest.com\/de\/\"]}]},{\"@type\":\"ImageObject\",\"inLanguage\":\"de\",\"@id\":\"https:\/\/huizingharvest.com\/de\/#primaryimage\",\"url\":\"https:\/\/huizingharvest.com\/wp-content\/uploads\/2024\/01\/Blog-1-Nico-in-Field-Jock-scaled.jpg\",\"contentUrl\":\"https:\/\/huizingharvest.com\/wp-content\/uploads\/2024\/01\/Blog-1-Nico-in-Field-Jock-scaled.jpg\",\"width\":2560,\"height\":1920,\"caption\":\"Blog 1 Nico in Field\"},{\"@type\":\"BreadcrumbList\",\"@id\":\"https:\/\/huizingharvest.com\/de\/#breadcrumb\",\"itemListElement\":[{\"@type\":\"ListItem\",\"position\":1,\"name\":\"home\",\"item\":\"https:\/\/huizingharvest.com\/de\/\"},{\"@type\":\"ListItem\",\"position\":2,\"name\":\"Startseite\"}]},{\"@type\":\"WebSite\",\"@id\":\"https:\/\/huizingharvest.com\/de\/#website\",\"url\":\"https:\/\/huizingharvest.com\/de\/\",\"name\":\"Huizing Harvest\",\"description\":\"Let&#039;s make it work\",\"publisher\":{\"@id\":\"https:\/\/huizingharvest.com\/de\/#organization\"},\"potentialAction\":[{\"@type\":\"SearchAction\",\"target\":{\"@type\":\"EntryPoint\",\"urlTemplate\":\"https:\/\/huizingharvest.com\/de\/?s={search_term_string}\"},\"query-input\":{\"@type\":\"PropertyValueSpecification\",\"valueRequired\":true,\"valueName\":\"search_term_string\"}}],\"inLanguage\":\"de\"},{\"@type\":\"Organization\",\"@id\":\"https:\/\/huizingharvest.com\/de\/#organization\",\"name\":\"Huizing Harvest\",\"url\":\"https:\/\/huizingharvest.com\/de\/\",\"logo\":{\"@type\":\"ImageObject\",\"inLanguage\":\"de\",\"@id\":\"https:\/\/huizingharvest.com\/de\/#\/schema\/logo\/image\/\",\"url\":\"https:\/\/huizingharvest.com\/wp-content\/uploads\/2022\/11\/logo_hh.svg\",\"contentUrl\":\"https:\/\/huizingharvest.com\/wp-content\/uploads\/2022\/11\/logo_hh.svg\",\"caption\":\"Huizing Harvest\"},\"image\":{\"@id\":\"https:\/\/huizingharvest.com\/de\/#\/schema\/logo\/image\/\"}}]}<\/script>\n<!-- \/ Yoast SEO plugin. -->","yoast_head_json":{"title":"HuizingHarvest - Let's make it work","description":"HuizingHarvest is een krachtig team van professionals in agro en agrotechniek. HuizingHarvest - Let's make it work","robots":{"index":"index","follow":"follow","max-snippet":"max-snippet:-1","max-image-preview":"max-image-preview:large","max-video-preview":"max-video-preview:-1"},"canonical":"https:\/\/huizingharvest.com\/de\/","og_locale":"de_DE","og_type":"article","og_title":"HuizingHarvest - Let's make it work","og_description":"HuizingHarvest is een krachtig team van professionals in agro en agrotechniek. HuizingHarvest - Let's make it work","og_url":"https:\/\/huizingharvest.com\/de\/","og_site_name":"HuizingHarvest","article_modified_time":"2026-03-24T08:10:52+00:00","og_image":[{"width":2560,"height":1920,"url":"https:\/\/huizingharvest.com\/wp-content\/uploads\/2024\/01\/Blog-1-Nico-in-Field-Jock-scaled.jpg","type":"image\/jpeg"}],"twitter_card":"summary_large_image","twitter_misc":{"Gesch\u00e4tzte Lesezeit":"2\u00a0Minuten"},"schema":{"@context":"https:\/\/schema.org","@graph":[{"@type":"WebPage","@id":"https:\/\/huizingharvest.com\/de\/","url":"https:\/\/huizingharvest.com\/de\/","name":"HuizingHarvest - Let's make it work","isPartOf":{"@id":"https:\/\/huizingharvest.com\/de\/#website"},"primaryImageOfPage":{"@id":"https:\/\/huizingharvest.com\/de\/#primaryimage"},"image":{"@id":"https:\/\/huizingharvest.com\/de\/#primaryimage"},"thumbnailUrl":"https:\/\/huizingharvest.com\/wp-content\/uploads\/2024\/01\/Blog-1-Nico-in-Field-Jock-scaled.jpg","datePublished":"2022-06-10T07:00:16+00:00","dateModified":"2026-03-24T08:10:52+00:00","description":"HuizingHarvest is een krachtig team van professionals in agro en agrotechniek. HuizingHarvest - Let's make it work","breadcrumb":{"@id":"https:\/\/huizingharvest.com\/de\/#breadcrumb"},"inLanguage":"de","potentialAction":[{"@type":"ReadAction","target":["https:\/\/huizingharvest.com\/de\/"]}]},{"@type":"ImageObject","inLanguage":"de","@id":"https:\/\/huizingharvest.com\/de\/#primaryimage","url":"https:\/\/huizingharvest.com\/wp-content\/uploads\/2024\/01\/Blog-1-Nico-in-Field-Jock-scaled.jpg","contentUrl":"https:\/\/huizingharvest.com\/wp-content\/uploads\/2024\/01\/Blog-1-Nico-in-Field-Jock-scaled.jpg","width":2560,"height":1920,"caption":"Blog 1 Nico in Field"},{"@type":"BreadcrumbList","@id":"https:\/\/huizingharvest.com\/de\/#breadcrumb","itemListElement":[{"@type":"ListItem","position":1,"name":"home","item":"https:\/\/huizingharvest.com\/de\/"},{"@type":"ListItem","position":2,"name":"Startseite"}]},{"@type":"WebSite","@id":"https:\/\/huizingharvest.com\/de\/#website","url":"https:\/\/huizingharvest.com\/de\/","name":"Huizing Harvest","description":"Let&#039;s make it work","publisher":{"@id":"https:\/\/huizingharvest.com\/de\/#organization"},"potentialAction":[{"@type":"SearchAction","target":{"@type":"EntryPoint","urlTemplate":"https:\/\/huizingharvest.com\/de\/?s={search_term_string}"},"query-input":{"@type":"PropertyValueSpecification","valueRequired":true,"valueName":"search_term_string"}}],"inLanguage":"de"},{"@type":"Organization","@id":"https:\/\/huizingharvest.com\/de\/#organization","name":"Huizing Harvest","url":"https:\/\/huizingharvest.com\/de\/","logo":{"@type":"ImageObject","inLanguage":"de","@id":"https:\/\/huizingharvest.com\/de\/#\/schema\/logo\/image\/","url":"https:\/\/huizingharvest.com\/wp-content\/uploads\/2022\/11\/logo_hh.svg","contentUrl":"https:\/\/huizingharvest.com\/wp-content\/uploads\/2022\/11\/logo_hh.svg","caption":"Huizing Harvest"},"image":{"@id":"https:\/\/huizingharvest.com\/de\/#\/schema\/logo\/image\/"}}]}},"_links":{"self":[{"href":"https:\/\/huizingharvest.com\/de\/wp-json\/wp\/v2\/pages\/235154065","targetHints":{"allow":["GET"]}}],"collection":[{"href":"https:\/\/huizingharvest.com\/de\/wp-json\/wp\/v2\/pages"}],"about":[{"href":"https:\/\/huizingharvest.com\/de\/wp-json\/wp\/v2\/types\/page"}],"author":[{"embeddable":true,"href":"https:\/\/huizingharvest.com\/de\/wp-json\/wp\/v2\/users\/3"}],"replies":[{"embeddable":true,"href":"https:\/\/huizingharvest.com\/de\/wp-json\/wp\/v2\/comments?post=235154065"}],"version-history":[{"count":5,"href":"https:\/\/huizingharvest.com\/de\/wp-json\/wp\/v2\/pages\/235154065\/revisions"}],"predecessor-version":[{"id":235154434,"href":"https:\/\/huizingharvest.com\/de\/wp-json\/wp\/v2\/pages\/235154065\/revisions\/235154434"}],"wp:featuredmedia":[{"embeddable":true,"href":"https:\/\/huizingharvest.com\/de\/wp-json\/wp\/v2\/media\/235154067"}],"wp:attachment":[{"href":"https:\/\/huizingharvest.com\/de\/wp-json\/wp\/v2\/media?parent=235154065"}],"curies":[{"name":"wp","href":"https:\/\/api.w.org\/{rel}","templated":true}]}}